{"id":18,"date":"2025-01-27T08:52:13","date_gmt":"2025-01-27T07:52:13","guid":{"rendered":"https:\/\/lindezas.com\/?page_id=18"},"modified":"2025-04-11T19:52:08","modified_gmt":"2025-04-11T17:52:08","slug":"cookies","status":"publish","type":"page","link":"https:\/\/lindezas.com\/es\/cookies\/","title":{"rendered":"Pol\u00edtica de cookies"},"content":{"rendered":"<style>.elementor-18 .elementor-element.elementor-element-51826b9:not(.elementor-motion-effects-element-type-background), .elementor-18 .elementor-element.elementor-element-51826b9 > .elementor-motion-effects-container > .elementor-motion-effects-layer{background-color:var( --e-global-color-4f87827 );}.elementor-18 .elementor-element.elementor-element-51826b9 > .elementor-background-overlay{background-image:url(\"https:\/\/lindezas.com\/wp-content\/uploads\/2025\/04\/bg-page@2x-1.png\");background-position:center center;background-size:cover;opacity:0.5;transition:background 0.3s, border-radius 0.3s, opacity 0.3s;}.elementor-18 .elementor-element.elementor-element-51826b9{transition:background 0.3s, border 0.3s, border-radius 0.3s, box-shadow 0.3s;padding:11em 1em 4em 1em;}.elementor-18 .elementor-element.elementor-element-f43bb78{text-align:center;}.elementor-18 .elementor-element.elementor-element-f43bb78 .elementor-heading-title{font-family:var( --e-global-typography-secondary-font-family ), Sans-serif;font-size:var( --e-global-typography-secondary-font-size );font-weight:var( --e-global-typography-secondary-font-weight );color:var( --e-global-color-accent );}.elementor-18 .elementor-element.elementor-element-99c5b01 .elementor-icon-list-items:not(.elementor-inline-items) .elementor-icon-list-item:not(:last-child){padding-block-end:calc(8px\/2);}.elementor-18 .elementor-element.elementor-element-99c5b01 .elementor-icon-list-items:not(.elementor-inline-items) .elementor-icon-list-item:not(:first-child){margin-block-start:calc(8px\/2);}.elementor-18 .elementor-element.elementor-element-99c5b01 .elementor-icon-list-items.elementor-inline-items .elementor-icon-list-item{margin-inline:calc(8px\/2);}.elementor-18 .elementor-element.elementor-element-99c5b01 .elementor-icon-list-items.elementor-inline-items{margin-inline:calc(-8px\/2);}.elementor-18 .elementor-element.elementor-element-99c5b01 .elementor-icon-list-items.elementor-inline-items .elementor-icon-list-item:after{inset-inline-end:calc(-8px\/2);}.elementor-18 .elementor-element.elementor-element-99c5b01 .elementor-icon-list-icon i{color:var( --e-global-color-accent );transition:color 0.3s;}.elementor-18 .elementor-element.elementor-element-99c5b01 .elementor-icon-list-icon svg{fill:var( --e-global-color-accent );transition:fill 0.3s;}.elementor-18 .elementor-element.elementor-element-99c5b01{--e-icon-list-icon-size:14px;--icon-vertical-offset:0px;}.elementor-18 .elementor-element.elementor-element-99c5b01 .elementor-icon-list-icon{padding-inline-end:8px;}.elementor-18 .elementor-element.elementor-element-99c5b01 .elementor-icon-list-item > .elementor-icon-list-text, .elementor-18 .elementor-element.elementor-element-99c5b01 .elementor-icon-list-item > a{font-family:var( --e-global-typography-text-font-family ), Sans-serif;font-size:var( --e-global-typography-text-font-size );font-weight:var( --e-global-typography-text-font-weight );}.elementor-18 .elementor-element.elementor-element-99c5b01 .elementor-icon-list-text{transition:color 0.3s;}.elementor-18 .elementor-element.elementor-element-c756085{--display:flex;}@media(max-width:1024px){.elementor-18 .elementor-element.elementor-element-f43bb78 .elementor-heading-title{font-size:var( --e-global-typography-secondary-font-size );}.elementor-18 .elementor-element.elementor-element-99c5b01 .elementor-icon-list-item > .elementor-icon-list-text, .elementor-18 .elementor-element.elementor-element-99c5b01 .elementor-icon-list-item > a{font-size:var( --e-global-typography-text-font-size );}}@media(max-width:767px){.elementor-18 .elementor-element.elementor-element-f43bb78 .elementor-heading-title{font-size:var( --e-global-typography-secondary-font-size );}.elementor-18 .elementor-element.elementor-element-99c5b01 .elementor-icon-list-item > .elementor-icon-list-text, .elementor-18 .elementor-element.elementor-element-99c5b01 .elementor-icon-list-item > a{font-size:var( --e-global-typography-text-font-size );}}<\/style>\t\t<div data-elementor-type=\"wp-page\" data-elementor-id=\"18\" class=\"elementor elementor-18\" data-elementor-post-type=\"page\">\n\t\t\t\t\t\t<section class=\"elementor-section elementor-top-section elementor-element elementor-element-51826b9 elementor-section-boxed elementor-section-height-default elementor-section-height-default\" data-id=\"51826b9\" data-element_type=\"section\" data-e-type=\"section\" data-settings=\"{&quot;background_background&quot;:&quot;classic&quot;}\">\n\t\t\t\t\t\t\t<div class=\"elementor-background-overlay\"><\/div>\n\t\t\t\t\t\t\t<div class=\"elementor-container elementor-column-gap-default\">\n\t\t\t\t\t<div class=\"elementor-column elementor-col-100 elementor-top-column elementor-element elementor-element-66987a6\" data-id=\"66987a6\" data-element_type=\"column\" data-e-type=\"column\">\n\t\t\t<div class=\"elementor-widget-wrap elementor-element-populated\">\n\t\t\t\t\t\t<div class=\"elementor-element elementor-element-99c5b01 elementor-icon-list--layout-inline elementor-align-center elementor-list-item-link-full_width elementor-widget elementor-widget-icon-list\" data-id=\"99c5b01\" data-element_type=\"widget\" data-e-type=\"widget\" data-widget_type=\"icon-list.default\">\n\t\t\t\t<div class=\"elementor-widget-container\">\n\t\t\t\t\t\t\t<ul class=\"elementor-icon-list-items elementor-inline-items\">\n\t\t\t\t\t\t\t<li class=\"elementor-icon-list-item elementor-inline-item\">\n\t\t\t\t\t\t\t\t\t\t\t<a href=\"https:\/\/lindezas.com\/es\">\n\n\t\t\t\t\t\t\t\t\t\t\t<span class=\"elementor-icon-list-text\">Casa<\/span>\n\t\t\t\t\t\t\t\t\t\t\t<\/a>\n\t\t\t\t\t\t\t\t\t<\/li>\n\t\t\t\t\t\t\t\t<li class=\"elementor-icon-list-item elementor-inline-item\">\n\t\t\t\t\t\t\t\t\t\t\t<span class=\"elementor-icon-list-icon\">\n\t\t\t\t\t\t\t<i aria-hidden=\"true\" class=\"jki jki-arrow-up-right-line\"><\/i>\t\t\t\t\t\t<\/span>\n\t\t\t\t\t\t\t\t\t\t<span class=\"elementor-icon-list-text\"><\/span>\n\t\t\t\t\t\t\t\t\t<\/li>\n\t\t\t\t\t\t<\/ul>\n\t\t\t\t\t\t<\/div>\n\t\t\t\t<\/div>\n\t\t\t\t\t<\/div>\n\t\t<\/div>\n\t\t\t\t\t<\/div>\n\t\t<\/section>\n\t\t<div class=\"elementor-element elementor-element-c756085 e-flex e-con-boxed e-con e-parent\" data-id=\"c756085\" data-element_type=\"container\" data-e-type=\"container\">\n\t\t\t\t\t<div class=\"e-con-inner\">\n\t\t\t\t<div class=\"elementor-element elementor-element-9da65df elementor-widget elementor-widget-text-editor\" data-id=\"9da65df\" data-element_type=\"widget\" data-e-type=\"widget\" data-widget_type=\"text-editor.default\">\n\t\t\t\t<div class=\"elementor-widget-container\">\n\t\t\t\t\t\t\t\t\t<header class=\"text-center\"><h4>\u00a0<\/h4><\/header><div><p><span>El acceso a esta Web puede implicar la utilizaci\u00f3n de cookies. Las Cookies son peque\u00f1as cantidades de informaci\u00f3n que se almacenan en el navegador utilizado por cada Usuario en los diferentes dispositivos que se pueden utilizar para navegar \u2014 para que el servidor recuerde cierta informaci\u00f3n que posteriormente y \u00fanicamente el servidor que la implement\u00f3 leer\u00e1. Las Cookies facilitan la navegaci\u00f3n, hacer m\u00e1s amigable, y no da\u00f1an el aparato de navegaci\u00f3n.<\/span><\/p><p><span>Las Cookies son procedimientos autom\u00e1ticos de recogida de informaci\u00f3n relativa a las preferencias determinadas por un Usuario durante su visita al sitio Web a fin de reconocerlo como Usuario, y personalizar su experiencia y el uso del sitio Web, y tambi\u00e9n puede, por ejemplo, ayudan a identificar y resolver los errores.<\/span><\/p><p><span>La informaci\u00f3n recopilada a trav\u00e9s de cookies puede incluir la fecha y hora de visitas al sitio Web, las p\u00e1ginas visitadas, el tiempo que ha estado en el sitio Web y los sitios visitados justo antes y despu\u00e9s de \u00e9l. Sin embargo, ninguna cookie permite estar en contacto con el n\u00famero de tel\u00e9fono del Usuario o cualquier otro medio de contacto personal. Ninguna cookie puede extraer informaci\u00f3n del disco duro del Usuario o robar informaci\u00f3n personal. La \u00fanica manera de que la informaci\u00f3n privada del Usuario a ser parte del archivo Cookie es que el usuario d\u00e9 personalmente esa informaci\u00f3n al servidor.<\/span><\/p><p><span>Cookies que permiten la identificaci\u00f3n de una persona se consideran datos de car\u00e1cter personal. Por lo tanto, la Pol\u00edtica de Privacidad descritas anteriormente se aplican a ellos. En este sentido, para el uso de la misma a los usuarios su consentimiento ser\u00e1 necesario. Este consentimiento ser\u00e1 comunicada, basados en una aut\u00e9ntica elecci\u00f3n, que ofrece una afirmativa y positiva decisi\u00f3n, antes de que el tratamiento inicial, extra\u00edble y documentada.<\/span><\/p><div class=\"\"><h4><span>Propias cookies<\/span><\/h4><p><span>Son aquellas cookies que son enviadas al equipo del Usuario o de dispositivo y administrado exclusivamente por\u00a0<\/span><span class=\"blanc-space ng-binding\"><span>Lindeza Shop<\/span><\/span><span>para el mejor funcionamiento del sitio Web. La informaci\u00f3n recopilada se utiliza para mejorar la calidad de la Web y de sus Contenidos y su experiencia como Usuario. Estas cookies permiten que el Usuario sea reconocido como un recurrente visitante del sitio Web y adaptar el contenido a ofrecer el contenido que se adapte a sus preferencias.<\/span><\/p><\/div><h4><span>Deshabilitar, rechazar y eliminar las cookies<\/span><\/h4><p><span>El Usuario puede deshabilitar, rechazar y eliminar las cookies \u2014total o parcialmente \u2014 instalado en su dispositivo mediante la configuraci\u00f3n de su navegador (incluyendo, por ejemplo, Chrome, Firefox, Safari, Explorer). En este sentido, los procedimientos para rechazar y eliminar las cookies pueden diferir de un navegador de Internet a otro. En consecuencia, el Usuario debe recurrir a las instrucciones proporcionadas por el navegador de Internet s\u00ed que est\u00e1 utilizando. En el caso de que usted rechazar el uso de cookies \u2014total o parcialmente \u2014 usted puede continuar utilizando el Sitio, aunque usted puede tener limitado el uso de algunas de sus caracter\u00edsticas.<\/span><\/p><\/div>\t\t\t\t\t\t\t\t<\/div>\n\t\t\t\t<\/div>\n\t\t\t\t\t<\/div>\n\t\t\t\t<\/div>\n\t\t\t\t<\/div>","protected":false},"excerpt":{"rendered":"<p>Home \u00a0 Access to this Website may involve the use of cookies. Cookies are small amounts of information that are stored in the browser used by each User \u2014on the different devices that they can use to navigate \u2014 so that the server remembers certain information that later and only the server that implemented it [&hellip;]<\/p>\n","protected":false},"author":2,"featured_media":0,"parent":0,"menu_order":0,"comment_status":"closed","ping_status":"closed","template":"elementor_header_footer","meta":{"footnotes":""},"class_list":["post-18","page","type-page","status-publish","hentry"],"yoast_head":"<!-- This site is optimized with the Yoast SEO plugin v27.4 - https:\/\/yoast.com\/product\/yoast-seo-wordpress\/ -->\n<title>Pol\u00edtica de cookies - Lindeza Shop | Handmade pet accessories<\/title>\n<meta name=\"robots\" content=\"noindex, nofollow\" \/>\n<meta property=\"og:locale\" content=\"es_ES\" \/>\n<meta property=\"og:type\" content=\"article\" \/>\n<meta property=\"og:title\" content=\"Pol\u00edtica de cookies - Lindeza Shop | Handmade pet accessories\" \/>\n<meta property=\"og:description\" content=\"Home \u00a0 Access to this Website may involve the use of cookies. Cookies are small amounts of information that are stored in the browser used by each User \u2014on the different devices that they can use to navigate \u2014 so that the server remembers certain information that later and only the server that implemented it [&hellip;]\" \/>\n<meta property=\"og:url\" content=\"https:\/\/lindezas.com\/es\/cookies\/\" \/>\n<meta property=\"og:site_name\" content=\"Lindeza Shop | Handmade pet accessories\" \/>\n<meta property=\"article:modified_time\" content=\"2025-04-11T17:52:08+00:00\" \/>\n<meta name=\"twitter:card\" content=\"summary_large_image\" \/>\n<meta name=\"twitter:label1\" content=\"Tiempo de lectura\" \/>\n\t<meta name=\"twitter:data1\" content=\"3 minutos\" \/>\n<script type=\"application\/ld+json\" class=\"yoast-schema-graph\">{\"@context\":\"https:\\\/\\\/schema.org\",\"@graph\":[{\"@type\":\"WebPage\",\"@id\":\"https:\\\/\\\/lindezas.com\\\/es\\\/cookies\\\/\",\"url\":\"https:\\\/\\\/lindezas.com\\\/es\\\/cookies\\\/\",\"name\":\"Pol\u00edtica de cookies - Lindeza Shop | Handmade pet accessories\",\"isPartOf\":{\"@id\":\"https:\\\/\\\/www.lindezas.com\\\/en\\\/#website\"},\"datePublished\":\"2025-01-27T07:52:13+00:00\",\"dateModified\":\"2025-04-11T17:52:08+00:00\",\"breadcrumb\":{\"@id\":\"https:\\\/\\\/lindezas.com\\\/es\\\/cookies\\\/#breadcrumb\"},\"inLanguage\":\"es\",\"potentialAction\":[{\"@type\":\"ReadAction\",\"target\":[\"https:\\\/\\\/lindezas.com\\\/es\\\/cookies\\\/\"]}]},{\"@type\":\"BreadcrumbList\",\"@id\":\"https:\\\/\\\/lindezas.com\\\/es\\\/cookies\\\/#breadcrumb\",\"itemListElement\":[{\"@type\":\"ListItem\",\"position\":1,\"name\":\"Portada\",\"item\":\"https:\\\/\\\/www.lindezas.com\\\/en\\\/\"},{\"@type\":\"ListItem\",\"position\":2,\"name\":\"Pol\u00edtica de cookies\"}]},{\"@type\":\"WebSite\",\"@id\":\"https:\\\/\\\/www.lindezas.com\\\/en\\\/#website\",\"url\":\"https:\\\/\\\/www.lindezas.com\\\/en\\\/\",\"name\":\"Lindeza Shop | Handmade pet accessories\",\"description\":\"\",\"publisher\":{\"@id\":\"https:\\\/\\\/www.lindezas.com\\\/en\\\/#organization\"},\"potentialAction\":[{\"@type\":\"SearchAction\",\"target\":{\"@type\":\"EntryPoint\",\"urlTemplate\":\"https:\\\/\\\/www.lindezas.com\\\/en\\\/?s={search_term_string}\"},\"query-input\":{\"@type\":\"PropertyValueSpecification\",\"valueRequired\":true,\"valueName\":\"search_term_string\"}}],\"inLanguage\":\"es\"},{\"@type\":\"Organization\",\"@id\":\"https:\\\/\\\/www.lindezas.com\\\/en\\\/#organization\",\"name\":\"Lindeza Shop | Handmade pet accessories\",\"url\":\"https:\\\/\\\/www.lindezas.com\\\/en\\\/\",\"logo\":{\"@type\":\"ImageObject\",\"inLanguage\":\"es\",\"@id\":\"https:\\\/\\\/www.lindezas.com\\\/en\\\/#\\\/schema\\\/logo\\\/image\\\/\",\"url\":\"https:\\\/\\\/lindezas.com\\\/wp-content\\\/uploads\\\/2025\\\/01\\\/Diseno-sin-titulo-6.png\",\"contentUrl\":\"https:\\\/\\\/lindezas.com\\\/wp-content\\\/uploads\\\/2025\\\/01\\\/Diseno-sin-titulo-6.png\",\"width\":467,\"height\":414,\"caption\":\"Lindeza Shop | Handmade pet accessories\"},\"image\":{\"@id\":\"https:\\\/\\\/www.lindezas.com\\\/en\\\/#\\\/schema\\\/logo\\\/image\\\/\"}}]}<\/script>\n<!-- \/ Yoast SEO plugin. -->","yoast_head_json":{"title":"Pol\u00edtica de cookies - Lindeza Shop | Handmade pet accessories","robots":{"index":"noindex","follow":"nofollow"},"og_locale":"es_ES","og_type":"article","og_title":"Pol\u00edtica de cookies - Lindeza Shop | Handmade pet accessories","og_description":"Home \u00a0 Access to this Website may involve the use of cookies. Cookies are small amounts of information that are stored in the browser used by each User \u2014on the different devices that they can use to navigate \u2014 so that the server remembers certain information that later and only the server that implemented it [&hellip;]","og_url":"https:\/\/lindezas.com\/es\/cookies\/","og_site_name":"Lindeza Shop | Handmade pet accessories","article_modified_time":"2025-04-11T17:52:08+00:00","twitter_card":"summary_large_image","twitter_misc":{"Tiempo de lectura":"3 minutos"},"schema":{"@context":"https:\/\/schema.org","@graph":[{"@type":"WebPage","@id":"https:\/\/lindezas.com\/es\/cookies\/","url":"https:\/\/lindezas.com\/es\/cookies\/","name":"Pol\u00edtica de cookies - Lindeza Shop | Handmade pet accessories","isPartOf":{"@id":"https:\/\/www.lindezas.com\/en\/#website"},"datePublished":"2025-01-27T07:52:13+00:00","dateModified":"2025-04-11T17:52:08+00:00","breadcrumb":{"@id":"https:\/\/lindezas.com\/es\/cookies\/#breadcrumb"},"inLanguage":"es","potentialAction":[{"@type":"ReadAction","target":["https:\/\/lindezas.com\/es\/cookies\/"]}]},{"@type":"BreadcrumbList","@id":"https:\/\/lindezas.com\/es\/cookies\/#breadcrumb","itemListElement":[{"@type":"ListItem","position":1,"name":"Portada","item":"https:\/\/www.lindezas.com\/en\/"},{"@type":"ListItem","position":2,"name":"Pol\u00edtica de cookies"}]},{"@type":"WebSite","@id":"https:\/\/www.lindezas.com\/en\/#website","url":"https:\/\/www.lindezas.com\/en\/","name":"Lindeza Shop | Handmade pet accessories","description":"","publisher":{"@id":"https:\/\/www.lindezas.com\/en\/#organization"},"potentialAction":[{"@type":"SearchAction","target":{"@type":"EntryPoint","urlTemplate":"https:\/\/www.lindezas.com\/en\/?s={search_term_string}"},"query-input":{"@type":"PropertyValueSpecification","valueRequired":true,"valueName":"search_term_string"}}],"inLanguage":"es"},{"@type":"Organization","@id":"https:\/\/www.lindezas.com\/en\/#organization","name":"Lindeza Shop | Handmade pet accessories","url":"https:\/\/www.lindezas.com\/en\/","logo":{"@type":"ImageObject","inLanguage":"es","@id":"https:\/\/www.lindezas.com\/en\/#\/schema\/logo\/image\/","url":"https:\/\/lindezas.com\/wp-content\/uploads\/2025\/01\/Diseno-sin-titulo-6.png","contentUrl":"https:\/\/lindezas.com\/wp-content\/uploads\/2025\/01\/Diseno-sin-titulo-6.png","width":467,"height":414,"caption":"Lindeza Shop | Handmade pet accessories"},"image":{"@id":"https:\/\/www.lindezas.com\/en\/#\/schema\/logo\/image\/"}}]}},"_links":{"self":[{"href":"https:\/\/lindezas.com\/es\/wp-json\/wp\/v2\/pages\/18","targetHints":{"allow":["GET"]}}],"collection":[{"href":"https:\/\/lindezas.com\/es\/wp-json\/wp\/v2\/pages"}],"about":[{"href":"https:\/\/lindezas.com\/es\/wp-json\/wp\/v2\/types\/page"}],"author":[{"embeddable":true,"href":"https:\/\/lindezas.com\/es\/wp-json\/wp\/v2\/users\/2"}],"replies":[{"embeddable":true,"href":"https:\/\/lindezas.com\/es\/wp-json\/wp\/v2\/comments?post=18"}],"version-history":[{"count":8,"href":"https:\/\/lindezas.com\/es\/wp-json\/wp\/v2\/pages\/18\/revisions"}],"predecessor-version":[{"id":589,"href":"https:\/\/lindezas.com\/es\/wp-json\/wp\/v2\/pages\/18\/revisions\/589"}],"wp:attachment":[{"href":"https:\/\/lindezas.com\/es\/wp-json\/wp\/v2\/media?parent=18"}],"curies":[{"name":"wp","href":"https:\/\/api.w.org\/{rel}","templated":true}]}}