{"id":518,"date":"2025-04-09T08:53:05","date_gmt":"2025-04-09T06:53:05","guid":{"rendered":"https:\/\/lindezas.com\/?post_type=product&#038;p=518"},"modified":"2025-04-09T08:54:17","modified_gmt":"2025-04-09T06:54:17","slug":"penny","status":"publish","type":"product","link":"https:\/\/lindezas.com\/es\/producto\/penny\/","title":{"rendered":"Penny"},"content":{"rendered":"<p>Lorem ipsum dolor sit amet, consectetur adipiscing elit. Vestibulum in libero elit. Suspendisse a leo ante. Praesent id lobortis diam. Curabitur nisi sapien, tincidunt id augue ac, feugiat ultricies tortor. Interdum et malesuada fames ac ante ipsum primis in faucibus. Morbi pharetra ligula pharetra tortor auctor, in rhoncus diam placerat.<\/p>\n<p>Morbi nec massa iaculis, lobortis tortor ut, lacinia purus. Duis pellentesque diam nec turpis semper, eu suscipit dui lobortis. Suspendisse sit amet nisl congue, tempor est vel, viverra ante. Donec luctus vestibulum mi. Donec turpis libero, tincidunt id nisi quis, ultricies blandit est. Proin facilisis, nisl ac vehicula ornare, nisi tortor eleifend leo, sed accumsan magna dolor vel quam.<\/p>","protected":false},"excerpt":{"rendered":"<p>Pa\u00f1uelo para el cuello hecho de tela de algod\u00f3n Peanuts 100%. La parte trasera est\u00e1 forrada con tela de algod\u00f3n 100% de color complementario. POR FAVOR TENGA EN CUENTA que el dise\u00f1o del patr\u00f3n puede diferir de la foto mostrada. La bandana mostrada es talla mediana.<\/p>","protected":false},"featured_media":519,"comment_status":"open","ping_status":"closed","template":"","meta":[],"product_brand":[],"product_cat":[21],"product_tag":[],"class_list":{"0":"post-518","1":"product","2":"type-product","3":"status-publish","4":"has-post-thumbnail","6":"product_cat-scarves","8":"first","9":"instock","10":"shipping-taxable","11":"purchasable","12":"product-type-simple"},"yoast_head":"<!-- This site is optimized with the Yoast SEO plugin v27.4 - https:\/\/yoast.com\/product\/yoast-seo-wordpress\/ -->\n<title>Penny - Lindeza Shop | Handmade pet accessories<\/title>\n<meta name=\"robots\" content=\"index, follow, max-snippet:-1, max-image-preview:large, max-video-preview:-1\" \/>\n<link rel=\"canonical\" href=\"https:\/\/lindezas.com\/es\/product\/penny\/\" \/>\n<meta property=\"og:locale\" content=\"es_ES\" \/>\n<meta property=\"og:type\" content=\"article\" \/>\n<meta property=\"og:title\" content=\"Penny - Lindeza Shop | Handmade pet accessories\" \/>\n<meta property=\"og:description\" content=\"Over the collar pet bandana made from Peanuts 100% cotton fabric. The back is lined with complimentary colored 100% cotton fabric. PLEASE NOTE that pattern layout may differ from the photo shown. The bandana shown is size medium.\" \/>\n<meta property=\"og:url\" content=\"https:\/\/lindezas.com\/es\/product\/penny\/\" \/>\n<meta property=\"og:site_name\" content=\"Lindeza Shop | Handmade pet accessories\" \/>\n<meta property=\"article:modified_time\" content=\"2025-04-09T06:54:17+00:00\" \/>\n<meta property=\"og:image\" content=\"https:\/\/lindezas.com\/wp-content\/uploads\/2025\/04\/PHOTO-2023-06-13-22-23-19.jpg\" \/>\n\t<meta property=\"og:image:width\" content=\"768\" \/>\n\t<meta property=\"og:image:height\" content=\"1024\" \/>\n\t<meta property=\"og:image:type\" content=\"image\/jpeg\" \/>\n<meta name=\"twitter:card\" content=\"summary_large_image\" \/>\n<meta name=\"twitter:label1\" content=\"Tiempo de lectura\" \/>\n\t<meta name=\"twitter:data1\" content=\"1 minuto\" \/>\n<script type=\"application\/ld+json\" class=\"yoast-schema-graph\">{\"@context\":\"https:\\\/\\\/schema.org\",\"@graph\":[{\"@type\":\"WebPage\",\"@id\":\"https:\\\/\\\/lindezas.com\\\/en\\\/product\\\/penny\\\/\",\"url\":\"https:\\\/\\\/lindezas.com\\\/en\\\/product\\\/penny\\\/\",\"name\":\"Penny - Lindeza Shop | Handmade pet accessories\",\"isPartOf\":{\"@id\":\"https:\\\/\\\/www.lindezas.com\\\/en\\\/#website\"},\"primaryImageOfPage\":{\"@id\":\"https:\\\/\\\/lindezas.com\\\/en\\\/product\\\/penny\\\/#primaryimage\"},\"image\":{\"@id\":\"https:\\\/\\\/lindezas.com\\\/en\\\/product\\\/penny\\\/#primaryimage\"},\"thumbnailUrl\":\"https:\\\/\\\/lindezas.com\\\/wp-content\\\/uploads\\\/2025\\\/04\\\/PHOTO-2023-06-13-22-23-19.jpg\",\"datePublished\":\"2025-04-09T06:53:05+00:00\",\"dateModified\":\"2025-04-09T06:54:17+00:00\",\"breadcrumb\":{\"@id\":\"https:\\\/\\\/lindezas.com\\\/en\\\/product\\\/penny\\\/#breadcrumb\"},\"inLanguage\":\"es\",\"potentialAction\":[{\"@type\":\"ReadAction\",\"target\":[\"https:\\\/\\\/lindezas.com\\\/en\\\/product\\\/penny\\\/\"]}]},{\"@type\":\"ImageObject\",\"inLanguage\":\"es\",\"@id\":\"https:\\\/\\\/lindezas.com\\\/en\\\/product\\\/penny\\\/#primaryimage\",\"url\":\"https:\\\/\\\/lindezas.com\\\/wp-content\\\/uploads\\\/2025\\\/04\\\/PHOTO-2023-06-13-22-23-19.jpg\",\"contentUrl\":\"https:\\\/\\\/lindezas.com\\\/wp-content\\\/uploads\\\/2025\\\/04\\\/PHOTO-2023-06-13-22-23-19.jpg\",\"width\":768,\"height\":1024},{\"@type\":\"BreadcrumbList\",\"@id\":\"https:\\\/\\\/lindezas.com\\\/en\\\/product\\\/penny\\\/#breadcrumb\",\"itemListElement\":[{\"@type\":\"ListItem\",\"position\":1,\"name\":\"Portada\",\"item\":\"https:\\\/\\\/www.lindezas.com\\\/en\\\/\"},{\"@type\":\"ListItem\",\"position\":2,\"name\":\"Shop\",\"item\":\"https:\\\/\\\/www.lindezas.com\\\/es\\\/shop\\\/\"},{\"@type\":\"ListItem\",\"position\":3,\"name\":\"Penny\"}]},{\"@type\":\"WebSite\",\"@id\":\"https:\\\/\\\/www.lindezas.com\\\/en\\\/#website\",\"url\":\"https:\\\/\\\/www.lindezas.com\\\/en\\\/\",\"name\":\"Lindeza Shop | Handmade pet accessories\",\"description\":\"\",\"publisher\":{\"@id\":\"https:\\\/\\\/www.lindezas.com\\\/en\\\/#organization\"},\"potentialAction\":[{\"@type\":\"SearchAction\",\"target\":{\"@type\":\"EntryPoint\",\"urlTemplate\":\"https:\\\/\\\/www.lindezas.com\\\/en\\\/?s={search_term_string}\"},\"query-input\":{\"@type\":\"PropertyValueSpecification\",\"valueRequired\":true,\"valueName\":\"search_term_string\"}}],\"inLanguage\":\"es\"},{\"@type\":\"Organization\",\"@id\":\"https:\\\/\\\/www.lindezas.com\\\/en\\\/#organization\",\"name\":\"Lindeza Shop | Handmade pet accessories\",\"url\":\"https:\\\/\\\/www.lindezas.com\\\/en\\\/\",\"logo\":{\"@type\":\"ImageObject\",\"inLanguage\":\"es\",\"@id\":\"https:\\\/\\\/www.lindezas.com\\\/en\\\/#\\\/schema\\\/logo\\\/image\\\/\",\"url\":\"https:\\\/\\\/lindezas.com\\\/wp-content\\\/uploads\\\/2025\\\/01\\\/Diseno-sin-titulo-6.png\",\"contentUrl\":\"https:\\\/\\\/lindezas.com\\\/wp-content\\\/uploads\\\/2025\\\/01\\\/Diseno-sin-titulo-6.png\",\"width\":467,\"height\":414,\"caption\":\"Lindeza Shop | Handmade pet accessories\"},\"image\":{\"@id\":\"https:\\\/\\\/www.lindezas.com\\\/en\\\/#\\\/schema\\\/logo\\\/image\\\/\"}}]}<\/script>\n<!-- \/ Yoast SEO plugin. -->","yoast_head_json":{"title":"Penny - Lindeza Shop | Handmade pet accessories","robots":{"index":"index","follow":"follow","max-snippet":"max-snippet:-1","max-image-preview":"max-image-preview:large","max-video-preview":"max-video-preview:-1"},"canonical":"https:\/\/lindezas.com\/es\/product\/penny\/","og_locale":"es_ES","og_type":"article","og_title":"Penny - Lindeza Shop | Handmade pet accessories","og_description":"Over the collar pet bandana made from Peanuts 100% cotton fabric. The back is lined with complimentary colored 100% cotton fabric. PLEASE NOTE that pattern layout may differ from the photo shown. The bandana shown is size medium.","og_url":"https:\/\/lindezas.com\/es\/product\/penny\/","og_site_name":"Lindeza Shop | Handmade pet accessories","article_modified_time":"2025-04-09T06:54:17+00:00","og_image":[{"width":768,"height":1024,"url":"https:\/\/lindezas.com\/wp-content\/uploads\/2025\/04\/PHOTO-2023-06-13-22-23-19.jpg","type":"image\/jpeg"}],"twitter_card":"summary_large_image","twitter_misc":{"Tiempo de lectura":"1 minuto"},"schema":{"@context":"https:\/\/schema.org","@graph":[{"@type":"WebPage","@id":"https:\/\/lindezas.com\/en\/product\/penny\/","url":"https:\/\/lindezas.com\/en\/product\/penny\/","name":"Penny - Lindeza Shop | Handmade pet accessories","isPartOf":{"@id":"https:\/\/www.lindezas.com\/en\/#website"},"primaryImageOfPage":{"@id":"https:\/\/lindezas.com\/en\/product\/penny\/#primaryimage"},"image":{"@id":"https:\/\/lindezas.com\/en\/product\/penny\/#primaryimage"},"thumbnailUrl":"https:\/\/lindezas.com\/wp-content\/uploads\/2025\/04\/PHOTO-2023-06-13-22-23-19.jpg","datePublished":"2025-04-09T06:53:05+00:00","dateModified":"2025-04-09T06:54:17+00:00","breadcrumb":{"@id":"https:\/\/lindezas.com\/en\/product\/penny\/#breadcrumb"},"inLanguage":"es","potentialAction":[{"@type":"ReadAction","target":["https:\/\/lindezas.com\/en\/product\/penny\/"]}]},{"@type":"ImageObject","inLanguage":"es","@id":"https:\/\/lindezas.com\/en\/product\/penny\/#primaryimage","url":"https:\/\/lindezas.com\/wp-content\/uploads\/2025\/04\/PHOTO-2023-06-13-22-23-19.jpg","contentUrl":"https:\/\/lindezas.com\/wp-content\/uploads\/2025\/04\/PHOTO-2023-06-13-22-23-19.jpg","width":768,"height":1024},{"@type":"BreadcrumbList","@id":"https:\/\/lindezas.com\/en\/product\/penny\/#breadcrumb","itemListElement":[{"@type":"ListItem","position":1,"name":"Portada","item":"https:\/\/www.lindezas.com\/en\/"},{"@type":"ListItem","position":2,"name":"Shop","item":"https:\/\/www.lindezas.com\/es\/shop\/"},{"@type":"ListItem","position":3,"name":"Penny"}]},{"@type":"WebSite","@id":"https:\/\/www.lindezas.com\/en\/#website","url":"https:\/\/www.lindezas.com\/en\/","name":"Lindeza Shop | Handmade pet accessories","description":"","publisher":{"@id":"https:\/\/www.lindezas.com\/en\/#organization"},"potentialAction":[{"@type":"SearchAction","target":{"@type":"EntryPoint","urlTemplate":"https:\/\/www.lindezas.com\/en\/?s={search_term_string}"},"query-input":{"@type":"PropertyValueSpecification","valueRequired":true,"valueName":"search_term_string"}}],"inLanguage":"es"},{"@type":"Organization","@id":"https:\/\/www.lindezas.com\/en\/#organization","name":"Lindeza Shop | Handmade pet accessories","url":"https:\/\/www.lindezas.com\/en\/","logo":{"@type":"ImageObject","inLanguage":"es","@id":"https:\/\/www.lindezas.com\/en\/#\/schema\/logo\/image\/","url":"https:\/\/lindezas.com\/wp-content\/uploads\/2025\/01\/Diseno-sin-titulo-6.png","contentUrl":"https:\/\/lindezas.com\/wp-content\/uploads\/2025\/01\/Diseno-sin-titulo-6.png","width":467,"height":414,"caption":"Lindeza Shop | Handmade pet accessories"},"image":{"@id":"https:\/\/www.lindezas.com\/en\/#\/schema\/logo\/image\/"}}]}},"_links":{"self":[{"href":"https:\/\/lindezas.com\/es\/wp-json\/wp\/v2\/product\/518","targetHints":{"allow":["GET"]}}],"collection":[{"href":"https:\/\/lindezas.com\/es\/wp-json\/wp\/v2\/product"}],"about":[{"href":"https:\/\/lindezas.com\/es\/wp-json\/wp\/v2\/types\/product"}],"replies":[{"embeddable":true,"href":"https:\/\/lindezas.com\/es\/wp-json\/wp\/v2\/comments?post=518"}],"wp:featuredmedia":[{"embeddable":true,"href":"https:\/\/lindezas.com\/es\/wp-json\/wp\/v2\/media\/519"}],"wp:attachment":[{"href":"https:\/\/lindezas.com\/es\/wp-json\/wp\/v2\/media?parent=518"}],"wp:term":[{"taxonomy":"product_brand","embeddable":true,"href":"https:\/\/lindezas.com\/es\/wp-json\/wp\/v2\/product_brand?post=518"},{"taxonomy":"product_cat","embeddable":true,"href":"https:\/\/lindezas.com\/es\/wp-json\/wp\/v2\/product_cat?post=518"},{"taxonomy":"product_tag","embeddable":true,"href":"https:\/\/lindezas.com\/es\/wp-json\/wp\/v2\/product_tag?post=518"}],"curies":[{"name":"wp","href":"https:\/\/api.w.org\/{rel}","templated":true}]}}